{"id":56,"date":"2019-01-18T19:01:54","date_gmt":"2019-01-18T18:01:54","guid":{"rendered":"https:\/\/martell.bc.cas.cz\/na-hlavu\/?page_id=56"},"modified":"2019-08-05T12:07:21","modified_gmt":"2019-08-05T10:07:21","slug":"databaze-vrb-a-vrboven","status":"publish","type":"page","link":"https:\/\/martell.bc.cas.cz\/na-hlavu\/index.php\/databaze-vrb-a-vrboven\/","title":{"rendered":"Datab\u00e1ze vrb a vrboven"},"content":{"rendered":"\n<p class=\"has-normal-font-size\"><strong>Interaktivn\u00ed datab\u00e1ze zobrazuje aktu\u00e1ln\u011b zaznamenan\u00e9 vrby a vrbovny v Jihomoravsk\u00e9m a Zl\u00ednsk\u00e9m kraji.<\/strong><\/p>\n\n\n\n<p>V bl\u00edzk\u00e9 dob\u011b p\u0159edpokl\u00e1d\u00e1me roz\u0161\u00ed\u0159en\u00ed i o z\u00e1znamy z inventarizace na Z\u00e1padn\u00edm Slovensku.<br><\/p>\n\n\n\n<h2 class=\"wp-block-heading\"><a href=\"https:\/\/kfgg.maps.arcgis.com\/apps\/webappviewer\/index.html?id=4d390794c9ec46b889269e744a8c5222\">VSTUP DO DATAB\u00c1ZE<\/a><\/h2>\n\n\n\n<p><a href=\"https:\/\/kfgg.maps.arcgis.com\/apps\/webappviewer\/index.html?id=4d390794c9ec46b889269e744a8c5222\"><img loading=\"lazy\" decoding=\"async\" width=\"1500\" height=\"1069\" class=\"wp-image-226\" style=\"width: 1500px;\" src=\"https:\/\/martell.bc.cas.cz\/na-hlavu\/wp-content\/uploads\/2019\/08\/Databaze-mapa.png\" alt=\"\" srcset=\"https:\/\/martell.bc.cas.cz\/na-hlavu\/wp-content\/uploads\/2019\/08\/Databaze-mapa.png 1287w, https:\/\/martell.bc.cas.cz\/na-hlavu\/wp-content\/uploads\/2019\/08\/Databaze-mapa-300x214.png 300w, https:\/\/martell.bc.cas.cz\/na-hlavu\/wp-content\/uploads\/2019\/08\/Databaze-mapa-768x547.png 768w, https:\/\/martell.bc.cas.cz\/na-hlavu\/wp-content\/uploads\/2019\/08\/Databaze-mapa-1024x730.png 1024w, https:\/\/martell.bc.cas.cz\/na-hlavu\/wp-content\/uploads\/2019\/08\/Databaze-mapa-624x445.png 624w\" sizes=\"(max-width: 1500px) 100vw, 1500px\" \/><\/a><\/p>\n\n\n\n<p><\/p>\n","protected":false},"excerpt":{"rendered":"<p>Interaktivn\u00ed datab\u00e1ze zobrazuje aktu\u00e1ln\u011b zaznamenan\u00e9 vrby a vrbovny v Jihomoravsk\u00e9m a Zl\u00ednsk\u00e9m kraji. V bl\u00edzk\u00e9 dob\u011b p\u0159edpokl\u00e1d\u00e1me roz\u0161\u00ed\u0159en\u00ed i o z\u00e1znamy z inventarizace na Z\u00e1padn\u00edm Slovensku. VSTUP DO DATAB\u00c1ZE<\/p>\n","protected":false},"author":2,"featured_media":0,"parent":0,"menu_order":0,"comment_status":"closed","ping_status":"closed","template":"page-templates\/full-width.php","meta":{"footnotes":""},"_links":{"self":[{"href":"https:\/\/martell.bc.cas.cz\/na-hlavu\/index.php\/wp-json\/wp\/v2\/pages\/56"}],"collection":[{"href":"https:\/\/martell.bc.cas.cz\/na-hlavu\/index.php\/wp-json\/wp\/v2\/pages"}],"about":[{"href":"https:\/\/martell.bc.cas.cz\/na-hlavu\/index.php\/wp-json\/wp\/v2\/types\/page"}],"author":[{"embeddable":true,"href":"https:\/\/martell.bc.cas.cz\/na-hlavu\/index.php\/wp-json\/wp\/v2\/users\/2"}],"replies":[{"embeddable":true,"href":"https:\/\/martell.bc.cas.cz\/na-hlavu\/index.php\/wp-json\/wp\/v2\/comments?post=56"}],"version-history":[{"count":12,"href":"https:\/\/martell.bc.cas.cz\/na-hlavu\/index.php\/wp-json\/wp\/v2\/pages\/56\/revisions"}],"predecessor-version":[{"id":230,"href":"https:\/\/martell.bc.cas.cz\/na-hlavu\/index.php\/wp-json\/wp\/v2\/pages\/56\/revisions\/230"}],"wp:attachment":[{"href":"https:\/\/martell.bc.cas.cz\/na-hlavu\/index.php\/wp-json\/wp\/v2\/media?parent=56"}],"curies":[{"name":"wp","href":"https:\/\/api.w.org\/{rel}","templated":true}]}}