{"id":13,"date":"2018-07-19T13:15:19","date_gmt":"2018-07-19T11:15:19","guid":{"rendered":"https:\/\/martell.bc.cas.cz\/na-hlavu\/?page_id=13"},"modified":"2019-05-30T15:02:50","modified_gmt":"2019-05-30T13:02:50","slug":"kontakt","status":"publish","type":"page","link":"https:\/\/martell.bc.cas.cz\/na-hlavu\/index.php\/kontakt\/","title":{"rendered":"Kontakt"},"content":{"rendered":"<p><span style=\"color: #000000;\">Chcete-li n\u00e1s kontaktovat, nev\u00e1hejte poslat sv\u016fj dotaz na e-mail: <strong>BabkaNaHlavu@gmail.com<\/strong><\/span><\/p>\n<p><span style=\"color: #000000;\">Biologick\u00e9 centrum AV \u010cR, v.v.i.<\/span><br><span style=\"color: #000000;\">Brani\u0161ovsk\u00e1 1160\/31<\/span><br><span style=\"color: #000000;\">370 05 \u010cesk\u00e9 Bud\u011bjovice<\/span><\/p>\n<p><\/p>\n\n\n<div class=\"wp-block-image\"><figure class=\"aligncenter is-resized\"><img loading=\"lazy\" decoding=\"async\" src=\"https:\/\/martell.bc.cas.cz\/na-hlavu\/wp-content\/uploads\/2019\/05\/logo_IRRVA_okr-1024x160.jpg\" alt=\"\" class=\"wp-image-209\" width=\"577\" height=\"90\" srcset=\"https:\/\/martell.bc.cas.cz\/na-hlavu\/wp-content\/uploads\/2019\/05\/logo_IRRVA_okr-1024x160.jpg 1024w, https:\/\/martell.bc.cas.cz\/na-hlavu\/wp-content\/uploads\/2019\/05\/logo_IRRVA_okr-300x47.jpg 300w, https:\/\/martell.bc.cas.cz\/na-hlavu\/wp-content\/uploads\/2019\/05\/logo_IRRVA_okr-768x120.jpg 768w, https:\/\/martell.bc.cas.cz\/na-hlavu\/wp-content\/uploads\/2019\/05\/logo_IRRVA_okr-624x98.jpg 624w\" sizes=\"(max-width: 577px) 100vw, 577px\" \/><\/figure><\/div>\n","protected":false},"excerpt":{"rendered":"<p>Chcete-li n\u00e1s kontaktovat, nev\u00e1hejte poslat sv\u016fj dotaz na e-mail: BabkaNaHlavu@gmail.com Biologick\u00e9 centrum AV \u010cR, v.v.i.Brani\u0161ovsk\u00e1 1160\/31370 05 \u010cesk\u00e9 Bud\u011bjovice<\/p>\n","protected":false},"author":1,"featured_media":0,"parent":0,"menu_order":0,"comment_status":"closed","ping_status":"closed","template":"page-templates\/full-width.php","meta":{"footnotes":""},"_links":{"self":[{"href":"https:\/\/martell.bc.cas.cz\/na-hlavu\/index.php\/wp-json\/wp\/v2\/pages\/13"}],"collection":[{"href":"https:\/\/martell.bc.cas.cz\/na-hlavu\/index.php\/wp-json\/wp\/v2\/pages"}],"about":[{"href":"https:\/\/martell.bc.cas.cz\/na-hlavu\/index.php\/wp-json\/wp\/v2\/types\/page"}],"author":[{"embeddable":true,"href":"https:\/\/martell.bc.cas.cz\/na-hlavu\/index.php\/wp-json\/wp\/v2\/users\/1"}],"replies":[{"embeddable":true,"href":"https:\/\/martell.bc.cas.cz\/na-hlavu\/index.php\/wp-json\/wp\/v2\/comments?post=13"}],"version-history":[{"count":16,"href":"https:\/\/martell.bc.cas.cz\/na-hlavu\/index.php\/wp-json\/wp\/v2\/pages\/13\/revisions"}],"predecessor-version":[{"id":214,"href":"https:\/\/martell.bc.cas.cz\/na-hlavu\/index.php\/wp-json\/wp\/v2\/pages\/13\/revisions\/214"}],"wp:attachment":[{"href":"https:\/\/martell.bc.cas.cz\/na-hlavu\/index.php\/wp-json\/wp\/v2\/media?parent=13"}],"curies":[{"name":"wp","href":"https:\/\/api.w.org\/{rel}","templated":true}]}}