{"id":11,"date":"2018-07-19T13:15:19","date_gmt":"2018-07-19T11:15:19","guid":{"rendered":"https:\/\/martell.bc.cas.cz\/na-hlavu\/?page_id=11"},"modified":"2019-05-30T15:13:47","modified_gmt":"2019-05-30T13:13:47","slug":"domu","status":"publish","type":"page","link":"https:\/\/martell.bc.cas.cz\/na-hlavu\/","title":{"rendered":"Na hlavu!"},"content":{"rendered":"\t\t<div data-elementor-type=\"wp-post\" data-elementor-id=\"11\" class=\"elementor elementor-11\">\n\t\t\t\t\t\t\t\t\t<section class=\"elementor-section elementor-top-section elementor-element elementor-element-0bc66ee elementor-section-boxed elementor-section-height-default elementor-section-height-default\" data-id=\"0bc66ee\" data-element_type=\"section\">\n\t\t\t\t\t\t<div class=\"elementor-container elementor-column-gap-default\">\n\t\t\t\t\t<div class=\"elementor-column elementor-col-100 elementor-top-column elementor-element elementor-element-a873847\" data-id=\"a873847\" data-element_type=\"column\">\n\t\t\t<div class=\"elementor-widget-wrap elementor-element-populated\">\n\t\t\t\t\t\t\t\t<div class=\"elementor-element elementor-element-3298b38 elementor-widget elementor-widget-image\" data-id=\"3298b38\" data-element_type=\"widget\" data-widget_type=\"image.default\">\n\t\t\t\t<div class=\"elementor-widget-container\">\n\t\t\t\t\t\t\t\t\t\t\t\t\t\t\t<img loading=\"lazy\" decoding=\"async\" width=\"625\" height=\"72\" src=\"https:\/\/martell.bc.cas.cz\/na-hlavu\/wp-content\/uploads\/2019\/01\/logo_IRRVA_2014-20-1024x118.jpg\" class=\"attachment-large size-large wp-image-126\" alt=\"\" srcset=\"https:\/\/martell.bc.cas.cz\/na-hlavu\/wp-content\/uploads\/2019\/01\/logo_IRRVA_2014-20-1024x118.jpg 1024w, https:\/\/martell.bc.cas.cz\/na-hlavu\/wp-content\/uploads\/2019\/01\/logo_IRRVA_2014-20-300x35.jpg 300w, https:\/\/martell.bc.cas.cz\/na-hlavu\/wp-content\/uploads\/2019\/01\/logo_IRRVA_2014-20-768x88.jpg 768w, https:\/\/martell.bc.cas.cz\/na-hlavu\/wp-content\/uploads\/2019\/01\/logo_IRRVA_2014-20-624x72.jpg 624w\" sizes=\"(max-width: 625px) 100vw, 625px\" \/>\t\t\t\t\t\t\t\t\t\t\t\t\t\t\t<\/div>\n\t\t\t\t<\/div>\n\t\t\t\t\t<\/div>\n\t\t<\/div>\n\t\t\t\t\t\t\t<\/div>\n\t\t<\/section>\n\t\t\t\t<section class=\"elementor-section elementor-top-section elementor-element elementor-element-201e3114 elementor-section-boxed elementor-section-height-default elementor-section-height-default\" data-id=\"201e3114\" data-element_type=\"section\">\n\t\t\t\t\t\t<div class=\"elementor-container elementor-column-gap-default\">\n\t\t\t\t\t<div class=\"elementor-column elementor-col-100 elementor-top-column elementor-element elementor-element-7c105747\" data-id=\"7c105747\" data-element_type=\"column\">\n\t\t\t<div class=\"elementor-widget-wrap elementor-element-populated\">\n\t\t\t\t\t\t\t\t<div class=\"elementor-element elementor-element-07a0abc elementor-widget elementor-widget-spacer\" data-id=\"07a0abc\" data-element_type=\"widget\" data-widget_type=\"spacer.default\">\n\t\t\t\t<div class=\"elementor-widget-container\">\n\t\t\t\t\t<div class=\"elementor-spacer\">\n\t\t\t<div class=\"elementor-spacer-inner\"><\/div>\n\t\t<\/div>\n\t\t\t\t<\/div>\n\t\t\t\t<\/div>\n\t\t\t\t<div class=\"elementor-element elementor-element-192df7f8 elementor-widget elementor-widget-text-editor\" data-id=\"192df7f8\" data-element_type=\"widget\" data-widget_type=\"text-editor.default\">\n\t\t\t\t<div class=\"elementor-widget-container\">\n\t\t\t\t\t\t\t<h1><span style=\"color: #993300;\">Tradi\u010dn\u00ed o\u0159ez\u00e1v\u00e1n\u00ed vrb na hlavu v Jihomoravsk\u00e9m a Zl\u00ednsk\u00e9m kraji a na z\u00e1padn\u00edm Slovensku<\/span><\/h1><p><span style=\"color: #000000;\">V r\u00e1mci projektu <b>\u017div\u00e9 b\u0159ehy<\/b> \u2013 spole\u010dn\u00e1 ochrana \u0159\u00ed\u010dn\u00edch ekosyst\u00e9m\u016f prov\u00e1d\u00edme inventarizaci hlavat\u00fdch vrb v <b>Jihomoravsk\u00e9m<\/b> a <b>Zl\u00ednsk\u00e9m kraji<\/b> a na <b>z\u00e1padn\u00edm Slovensku<\/b>. Chceme tak napomoci obnov\u011b tradi\u010dn\u00edho o\u0159ez\u00e1v\u00e1n\u00ed vrb na hlavu. C\u00edlem inventarizace je vytipovat vrby, kter\u00e9 pot\u0159ebuj\u00ed o\u0159ez na hlavu nejv\u00edce.<\/span><\/p>\t\t\t\t\t\t<\/div>\n\t\t\t\t<\/div>\n\t\t\t\t\t<\/div>\n\t\t<\/div>\n\t\t\t\t\t\t\t<\/div>\n\t\t<\/section>\n\t\t\t\t<section class=\"elementor-section elementor-top-section elementor-element elementor-element-8bed203 elementor-section-boxed elementor-section-height-default elementor-section-height-default\" data-id=\"8bed203\" data-element_type=\"section\">\n\t\t\t\t\t\t<div class=\"elementor-container elementor-column-gap-default\">\n\t\t\t\t\t<div class=\"elementor-column elementor-col-100 elementor-top-column elementor-element elementor-element-7f5955d\" data-id=\"7f5955d\" data-element_type=\"column\">\n\t\t\t<div class=\"elementor-widget-wrap elementor-element-populated\">\n\t\t\t\t\t\t\t\t<div class=\"elementor-element elementor-element-d59a57f elementor-align-justify elementor-widget elementor-widget-button\" data-id=\"d59a57f\" data-element_type=\"widget\" data-widget_type=\"button.default\">\n\t\t\t\t<div class=\"elementor-widget-container\">\n\t\t\t\t\t<div class=\"elementor-button-wrapper\">\n\t\t\t<a class=\"elementor-button elementor-button-link elementor-size-md\" href=\"https:\/\/martell.bc.cas.cz\/na-hlavu\/index.php\/databaze-vrb-a-vrboven\/\">\n\t\t\t\t\t\t<span class=\"elementor-button-content-wrapper\">\n\t\t\t\t\t\t<span class=\"elementor-button-text\">DATAB\u00c1ZE VRB<\/span>\n\t\t<\/span>\n\t\t\t\t\t<\/a>\n\t\t<\/div>\n\t\t\t\t<\/div>\n\t\t\t\t<\/div>\n\t\t\t\t\t<\/div>\n\t\t<\/div>\n\t\t\t\t\t\t\t<\/div>\n\t\t<\/section>\n\t\t\t\t<section class=\"elementor-section elementor-top-section elementor-element elementor-element-ffc9af5 elementor-section-boxed elementor-section-height-default elementor-section-height-default\" data-id=\"ffc9af5\" data-element_type=\"section\">\n\t\t\t\t\t\t<div class=\"elementor-container elementor-column-gap-default\">\n\t\t\t\t\t<div class=\"elementor-column elementor-col-100 elementor-top-column elementor-element elementor-element-bb69fe0\" data-id=\"bb69fe0\" data-element_type=\"column\">\n\t\t\t<div class=\"elementor-widget-wrap elementor-element-populated\">\n\t\t\t\t\t\t\t\t<div class=\"elementor-element elementor-element-691e4a2 elementor-align-justify elementor-widget elementor-widget-button\" data-id=\"691e4a2\" data-element_type=\"widget\" data-widget_type=\"button.default\">\n\t\t\t\t<div class=\"elementor-widget-container\">\n\t\t\t\t\t<div class=\"elementor-button-wrapper\">\n\t\t\t<a class=\"elementor-button elementor-button-link elementor-size-md\" href=\"https:\/\/martell.bc.cas.cz\/na-hlavu\/wp-content\/uploads\/2019\/01\/prirucka.pdf\">\n\t\t\t\t\t\t<span class=\"elementor-button-content-wrapper\">\n\t\t\t\t\t\t<span class=\"elementor-button-text\">Jak poznat hlavatou vrbu?<\/span>\n\t\t<\/span>\n\t\t\t\t\t<\/a>\n\t\t<\/div>\n\t\t\t\t<\/div>\n\t\t\t\t<\/div>\n\t\t\t\t\t<\/div>\n\t\t<\/div>\n\t\t\t\t\t\t\t<\/div>\n\t\t<\/section>\n\t\t\t\t<section class=\"elementor-section elementor-top-section elementor-element elementor-element-900d50b elementor-section-full_width elementor-section-height-default elementor-section-height-default\" data-id=\"900d50b\" data-element_type=\"section\">\n\t\t\t\t\t\t<div class=\"elementor-container elementor-column-gap-default\">\n\t\t\t\t\t<div class=\"elementor-column elementor-col-100 elementor-top-column elementor-element elementor-element-91c2f88\" data-id=\"91c2f88\" data-element_type=\"column\">\n\t\t\t<div class=\"elementor-widget-wrap elementor-element-populated\">\n\t\t\t\t\t\t\t\t<div class=\"elementor-element elementor-element-60e71c5 elementor-button-danger elementor-align-justify elementor-widget elementor-widget-button\" data-id=\"60e71c5\" data-element_type=\"widget\" data-widget_type=\"button.default\">\n\t\t\t\t<div class=\"elementor-widget-container\">\n\t\t\t\t\t<div class=\"elementor-button-wrapper\">\n\t\t\t<a class=\"elementor-button elementor-button-link elementor-size-md\" href=\"https:\/\/martell.bc.cas.cz\/na-hlavu\/wp-content\/uploads\/2019\/01\/letak_NA_HLAVU.pdf\">\n\t\t\t\t\t\t<span class=\"elementor-button-content-wrapper\">\n\t\t\t\t\t\t<span class=\"elementor-button-text\">Let\u00e1k kampan\u011b<\/span>\n\t\t<\/span>\n\t\t\t\t\t<\/a>\n\t\t<\/div>\n\t\t\t\t<\/div>\n\t\t\t\t<\/div>\n\t\t\t\t\t<\/div>\n\t\t<\/div>\n\t\t\t\t\t\t\t<\/div>\n\t\t<\/section>\n\t\t\t\t\t\t\t<\/div>\n\t\t","protected":false},"excerpt":{"rendered":"<p>Tradi\u010dn\u00ed o\u0159ez\u00e1v\u00e1n\u00ed vrb na hlavu v Jihomoravsk\u00e9m a Zl\u00ednsk\u00e9m kraji a na z\u00e1padn\u00edm Slovensku V r\u00e1mci projektu \u017div\u00e9 b\u0159ehy \u2013 spole\u010dn\u00e1 ochrana \u0159\u00ed\u010dn\u00edch ekosyst\u00e9m\u016f prov\u00e1d\u00edme inventarizaci hlavat\u00fdch vrb v Jihomoravsk\u00e9m a Zl\u00ednsk\u00e9m kraji a na z\u00e1padn\u00edm Slovensku. Chceme tak napomoci obnov\u011b tradi\u010dn\u00edho o\u0159ez\u00e1v\u00e1n\u00ed vrb na hlavu. C\u00edlem inventarizace je vytipovat vrby, kter\u00e9 pot\u0159ebuj\u00ed o\u0159ez na [&hellip;]<\/p>\n","protected":false},"author":1,"featured_media":217,"parent":0,"menu_order":0,"comment_status":"closed","ping_status":"closed","template":"page-templates\/front-page.php","meta":{"footnotes":""},"_links":{"self":[{"href":"https:\/\/martell.bc.cas.cz\/na-hlavu\/index.php\/wp-json\/wp\/v2\/pages\/11"}],"collection":[{"href":"https:\/\/martell.bc.cas.cz\/na-hlavu\/index.php\/wp-json\/wp\/v2\/pages"}],"about":[{"href":"https:\/\/martell.bc.cas.cz\/na-hlavu\/index.php\/wp-json\/wp\/v2\/types\/page"}],"author":[{"embeddable":true,"href":"https:\/\/martell.bc.cas.cz\/na-hlavu\/index.php\/wp-json\/wp\/v2\/users\/1"}],"replies":[{"embeddable":true,"href":"https:\/\/martell.bc.cas.cz\/na-hlavu\/index.php\/wp-json\/wp\/v2\/comments?post=11"}],"version-history":[{"count":45,"href":"https:\/\/martell.bc.cas.cz\/na-hlavu\/index.php\/wp-json\/wp\/v2\/pages\/11\/revisions"}],"predecessor-version":[{"id":223,"href":"https:\/\/martell.bc.cas.cz\/na-hlavu\/index.php\/wp-json\/wp\/v2\/pages\/11\/revisions\/223"}],"wp:featuredmedia":[{"embeddable":true,"href":"https:\/\/martell.bc.cas.cz\/na-hlavu\/index.php\/wp-json\/wp\/v2\/media\/217"}],"wp:attachment":[{"href":"https:\/\/martell.bc.cas.cz\/na-hlavu\/index.php\/wp-json\/wp\/v2\/media?parent=11"}],"curies":[{"name":"wp","href":"https:\/\/api.w.org\/{rel}","templated":true}]}}